{"id":136,"date":"2013-10-03T12:39:38","date_gmt":"2013-10-03T12:39:38","guid":{"rendered":"http:\/\/lugo.gestagua.es\/?page_id=136"},"modified":"2025-10-13T07:23:33","modified_gmt":"2025-10-13T07:23:33","slug":"visitas","status":"publish","type":"page","link":"https:\/\/lugo.gestagua.es\/index.php\/visitas\/","title":{"rendered":"Visitas"},"content":{"rendered":"\n<h2>ACTIVIDADES<\/h2>\n\n\n\n<p>Gestagua pone de manifiesto su compromiso con la ciudadan\u00eda de Lugo acercando a la sociedad a las plantas de tratamiento de agua potable y aguas residuales de Lugo (ETAP y EDAR).<\/p>\n\n\n\n<p>Estas visitas guiadas han sido dise\u00f1adas para formar a los visitantes sobre c\u00f3mo funciona el ciclo integral del agua en su ciudad y la importancia de cuidar los h\u00e1bitos vinculados al agua, ya que repercuten directamente en el medio natural.<\/p>\n\n\n\n<p>Ofrecen adem\u00e1s una visi\u00f3n integral que aborda temas como la historia del agua en la ciudad, aspectos etnogr\u00e1ficos, flora y fauna de la cuenca del rio Mi\u00f1o y la importancia de cuidar el entorno natural para mantener la calidad del agua.<\/p>\n\n\n\n<h2><span style=\"line-height: 1.6;\"><br>VISITAS A LA ETAP Y EDAR DE LUGO<\/span><\/h2>\n\n\n\n<p><strong>Visitas para escolares y centros formativos<\/strong><\/p>\n\n\n\n<iframe loading=\"lazy\" width=\"560\" height=\"315\" src=\"https:\/\/www.youtube.com\/embed\/Mx_xsg4IfHc?si=xed1EblodQgo-DU1\" title=\"YouTube video player\" frameborder=\"0\" allow=\"accelerometer; autoplay; clipboard-write; encrypted-media; gyroscope; picture-in-picture; web-share\" referrerpolicy=\"strict-origin-when-cross-origin\" allowfullscreen=\"\"><\/iframe>\n\n\n\n<p><\/p>\n\n\n\n<p>Las visitas a las plantas potabilizadora (ETAP) y depuradora (EDAR) son una oportunidad \u00fanica para que el alumnado conozca los procesos que sigue el agua: desde la captaci\u00f3n en el medio natural, la potabilizaci\u00f3n, usos dom\u00e9sticos e industriales, depuraci\u00f3n y vuelta al medio natural en<br>perfectas condiciones.<\/p>\n\n\n\n<p>Estas visitas son experienciales ya que aportan conocimiento de manera pr\u00e1ctica y activa. Adem\u00e1s les ofrecen un contenido did\u00e1ctico espec\u00edfico de su localidad, en relaci\u00f3n al ciclo integral del agua.<\/p>\n\n\n\n<p><strong>\u00bfC\u00f3mo funcionan las visitas y para qu\u00e9 edades son?<\/strong><\/p>\n\n\n\n<p>En el siguiente bot\u00f3n, podr\u00e1s encontrar toda la informaci\u00f3n relativa a las visitas y los pasos a seguir para tramitar tu solicitud. Podr\u00e1s seleccionar un d\u00eda y hora para realizar tu visita.<\/p>\n\n\n\n<p>No te olvides de cumplimentar correctamente todos los datos del formulario.<\/p>\n\n\n\n<div class=\"wp-container-1 wp-block-buttons\">\n<div class=\"wp-block-button\"><a class=\"wp-block-button__link\" href=\"\/wp-content\/uploads\/2013\/09\/Visitas-Gestagua.pdf\">Ver dossier e inscripciones<\/a><\/div>\n<\/div>\n\n\n\n<div style=\"height:64px\" aria-hidden=\"true\" class=\"wp-block-spacer\"><\/div>\n\n\n\n<h3><strong>Otros p\u00fablicos<\/strong><\/h3>\n\n\n\n<p>Gestagua pone a disposici\u00f3n de la sociedad en general estas visitas guiadas para grupos (familias, entorno universitario, asociaciones de vecinos, colegios profesionales, otros&#8230;)<\/p>\n\n\n\n<p>Si est\u00e1s interesado en realizar una visita en grupo escr\u00edbenos a <a href=\"mailto:lugo@gestagua.es\">lugo@gestagua.es<\/a> y tramitaremos tu solicitud lo antes posible.<\/p>\n\n\n\n<div style=\"height:64px\" aria-hidden=\"true\" class=\"wp-block-spacer\"><\/div>\n\n\n","protected":false},"excerpt":{"rendered":"<p>ACTIVIDADES Gestagua pone de manifiesto su compromiso con la ciudadan\u00eda de Lugo acercando a la sociedad a las plantas de tratamiento de agua potable y aguas residuales de Lugo (ETAP y EDAR). Estas visitas guiadas han sido dise\u00f1adas para formar a los visitantes sobre c\u00f3mo funciona el ciclo integral del agua en su ciudad y [&hellip;]<\/p>\n","protected":false},"author":2,"featured_media":0,"parent":0,"menu_order":0,"comment_status":"open","ping_status":"closed","template":"","meta":[],"_links":{"self":[{"href":"https:\/\/lugo.gestagua.es\/index.php\/wp-json\/wp\/v2\/pages\/136"}],"collection":[{"href":"https:\/\/lugo.gestagua.es\/index.php\/wp-json\/wp\/v2\/pages"}],"about":[{"href":"https:\/\/lugo.gestagua.es\/index.php\/wp-json\/wp\/v2\/types\/page"}],"author":[{"embeddable":true,"href":"https:\/\/lugo.gestagua.es\/index.php\/wp-json\/wp\/v2\/users\/2"}],"replies":[{"embeddable":true,"href":"https:\/\/lugo.gestagua.es\/index.php\/wp-json\/wp\/v2\/comments?post=136"}],"version-history":[{"count":35,"href":"https:\/\/lugo.gestagua.es\/index.php\/wp-json\/wp\/v2\/pages\/136\/revisions"}],"predecessor-version":[{"id":374,"href":"https:\/\/lugo.gestagua.es\/index.php\/wp-json\/wp\/v2\/pages\/136\/revisions\/374"}],"wp:attachment":[{"href":"https:\/\/lugo.gestagua.es\/index.php\/wp-json\/wp\/v2\/media?parent=136"}],"curies":[{"name":"wp","href":"https:\/\/api.w.org\/{rel}","templated":true}]}}