{"id":142,"date":"2013-10-03T12:44:26","date_gmt":"2013-10-03T12:44:26","guid":{"rendered":"http:\/\/lugo.gestagua.es\/?page_id=142"},"modified":"2013-10-21T12:38:48","modified_gmt":"2013-10-21T12:38:48","slug":"el-tratamiento-de-agua-potable","status":"publish","type":"page","link":"https:\/\/lugo.gestagua.es\/index.php\/el-tratamiento-de-agua-potable\/","title":{"rendered":"El Tratamiento de Agua Potable"},"content":{"rendered":"<h2 style=\"text-align: left;\" align=\"center\">LA NUEVA ETAP DE LUGO GARANTIZA LA CALIDAD Y EL SUMINISTRO DEL AGUA<\/h2>\n<p>Con la entrada en servicio de la nueva Estaci\u00f3n de Tratamiento de Agua potable (ETAP) queda garantizado el suministro de agua para el municipio con una capacidad que supone el doble del consumo medio diario actual de la ciudad, y en unas condiciones de salubridad que responden a las exigencias actuales y a las que de futuro pudieran presentarse.<\/p>\n<p>La profesionalidad y capacitaci\u00f3n tecnol\u00f3gica de la empresa adjudicataria del servicio, GESTAGUA, filial en Espa\u00f1a del grupo SAUR, aporta la experiencia de m\u00e1s de ochenta a\u00f1os en la gesti\u00f3n de este tipo de instalaciones en miles de municipios por todo el mundo, y sit\u00faa a Lugo a la cabeza de la tecnolog\u00eda aplicada a la producci\u00f3n del agua para consumo humano.<\/p>\n<p><a href=\"http:\/\/lugo.gestagua.es\/wp-content\/uploads\/2013\/10\/ETAP-Lugo.jpg\"><img loading=\"lazy\" class=\"size-full wp-image-158 aligncenter\" alt=\"ETAP-Lugo\" src=\"http:\/\/lugo.gestagua.es\/wp-content\/uploads\/2013\/10\/ETAP-Lugo.jpg\" width=\"1149\" height=\"563\" srcset=\"https:\/\/lugo.gestagua.es\/wp-content\/uploads\/2013\/10\/ETAP-Lugo.jpg 1149w, https:\/\/lugo.gestagua.es\/wp-content\/uploads\/2013\/10\/ETAP-Lugo-300x146.jpg 300w, https:\/\/lugo.gestagua.es\/wp-content\/uploads\/2013\/10\/ETAP-Lugo-1024x501.jpg 1024w\" sizes=\"(max-width: 1149px) 100vw, 1149px\" \/><\/a><\/p>\n<p>Consulta m\u00e1s informaci\u00f3n en nuestro <a href=\"http:\/\/lugo.gestagua.es\/wp-content\/uploads\/2013\/10\/Dosier-ETAP.pdf\" target=\"_blank\">Dosier ETAP<\/a><\/p>\n<p>&nbsp;<\/p>\n","protected":false},"excerpt":{"rendered":"<p>LA NUEVA ETAP DE LUGO GARANTIZA LA CALIDAD Y EL SUMINISTRO DEL AGUA Con la entrada en servicio de la nueva Estaci\u00f3n de Tratamiento de Agua potable (ETAP) queda garantizado el suministro de agua para el municipio con una capacidad que supone el doble del consumo medio diario actual de la ciudad, y en unas [&hellip;]<\/p>\n","protected":false},"author":2,"featured_media":0,"parent":0,"menu_order":0,"comment_status":"open","ping_status":"closed","template":"","meta":[],"_links":{"self":[{"href":"https:\/\/lugo.gestagua.es\/index.php\/wp-json\/wp\/v2\/pages\/142"}],"collection":[{"href":"https:\/\/lugo.gestagua.es\/index.php\/wp-json\/wp\/v2\/pages"}],"about":[{"href":"https:\/\/lugo.gestagua.es\/index.php\/wp-json\/wp\/v2\/types\/page"}],"author":[{"embeddable":true,"href":"https:\/\/lugo.gestagua.es\/index.php\/wp-json\/wp\/v2\/users\/2"}],"replies":[{"embeddable":true,"href":"https:\/\/lugo.gestagua.es\/index.php\/wp-json\/wp\/v2\/comments?post=142"}],"version-history":[{"count":7,"href":"https:\/\/lugo.gestagua.es\/index.php\/wp-json\/wp\/v2\/pages\/142\/revisions"}],"predecessor-version":[{"id":256,"href":"https:\/\/lugo.gestagua.es\/index.php\/wp-json\/wp\/v2\/pages\/142\/revisions\/256"}],"wp:attachment":[{"href":"https:\/\/lugo.gestagua.es\/index.php\/wp-json\/wp\/v2\/media?parent=142"}],"curies":[{"name":"wp","href":"https:\/\/api.w.org\/{rel}","templated":true}]}}