{"id":145,"date":"2013-10-03T12:45:14","date_gmt":"2013-10-03T12:45:14","guid":{"rendered":"http:\/\/lugo.gestagua.es\/?page_id=145"},"modified":"2013-10-03T12:59:12","modified_gmt":"2013-10-03T12:59:12","slug":"la-depuracion-del-agua-residual","status":"publish","type":"page","link":"https:\/\/lugo.gestagua.es\/index.php\/la-depuracion-del-agua-residual\/","title":{"rendered":"La Depuraci\u00f3n del Agua Residual"},"content":{"rendered":"<h2>EDAR de Lugo<\/h2>\n<p>La EDAR de Lugo tiene capacidad para depurar el agua de una poblaci\u00f3n urbana de 120.000 habitantes y una poblaci\u00f3n industrial de 80.000 habitantes equivalentes la cual, despu\u00e9s de una serie de tratamientos y procesos, es devuelta al cauce receptor con todas las garant\u00edas de no alterar el ecosistema y colaborando a la mejora de las condiciones de vida en el medio acu\u00e1tico del r\u00edo Mi\u00f1o.<\/p>\n<p>El valioso enclave natural en el que est\u00e1 situada la nueva depuradora de Lugo ha obligado a elaborar u riguroso plan de protecci\u00f3n ambiental, que elimine cualquier posible afecci\u00f3n negativa\u00a0 que pudiera generar la construcci\u00f3n de estas instalaciones sobre el entorno privilegiado en el que se encuentran al tiempo que preserve su integraci\u00f3n paisaj\u00edstica dentro del mismo.<\/p>\n<h3><a href=\"http:\/\/lugo.gestagua.es\/wp-content\/uploads\/2013\/09\/RS-07-EDAR-aerea.jpg\"><img loading=\"lazy\" class=\"alignnone size-full wp-image-13\" alt=\"RS-07-EDAR-aerea\" src=\"http:\/\/lugo.gestagua.es\/wp-content\/uploads\/2013\/09\/RS-07-EDAR-aerea.jpg\" width=\"1664\" height=\"389\" srcset=\"https:\/\/lugo.gestagua.es\/wp-content\/uploads\/2013\/09\/RS-07-EDAR-aerea.jpg 1664w, https:\/\/lugo.gestagua.es\/wp-content\/uploads\/2013\/09\/RS-07-EDAR-aerea-300x70.jpg 300w, https:\/\/lugo.gestagua.es\/wp-content\/uploads\/2013\/09\/RS-07-EDAR-aerea-1024x239.jpg 1024w\" sizes=\"(max-width: 1664px) 100vw, 1664px\" \/><\/a>L\u00ednea de agua<\/h3>\n<ul>\n<li class=\"lista1\">Pretratamiento<\/li>\n<li class=\"lista1\">Decantaci\u00f3n primaria<\/li>\n<li class=\"lista1\">Reactor biol\u00f3gico<\/li>\n<li class=\"lista1\">Decantaci\u00f3n secundaria<\/li>\n<\/ul>\n<h3><\/h3>\n<h3>L\u00ednea de Fangos<\/h3>\n<p>Por esta l\u00ednea discurren los residuos s\u00f3lidos que se van generando en cada uno de los procesos de depuraci\u00f3n con el objetivo de conseguir un producto final., lo m\u00e1s deshidratado posible, que facilite su valorizaci\u00f3n y reutilizaci\u00f3n en m\u00faltiples campos: fertilizantes, combustibles\u2026<\/p>\n<ul>\n<li class=\"lista1\">Fangos primarios<\/li>\n<li class=\"lista1\">Fangos secundarios<\/li>\n<li class=\"lista1\">Digesti\u00f3n anaerobia<\/li>\n<li class=\"lista1\">Deshidrataci\u00f3n de fangos<\/li>\n<li class=\"lista1\">Secado t\u00e9rmico<\/li>\n<\/ul>\n<p>&nbsp;<\/p>\n<h3>Medidas Ambientales<\/h3>\n<p>La protecci\u00f3n del medio ambiente ocupa un lugar destacado en todos los \u00e1mbitos de la construcci\u00f3n de la nueva planta tanto en su fase de dise\u00f1o como en su fase de ejecuci\u00f3n lo que ha motivado que en la Declaraci\u00f3n de Impacto Ambiental de las obras se hayan recogido las siguientes medidas:<\/p>\n<ul>\n<li class=\"lista1\">Confinamiento de todos los puntos de producci\u00f3n de olores e instalaci\u00f3n de sistemas de desodorizaci\u00f3n.<\/li>\n<li class=\"lista1\">Reducci\u00f3n de los niveles de ruido mediante el aislamiento ac\u00fastico de aquellos equipos susceptibles de \u00a0de causar molestias.<\/li>\n<li class=\"lista1\">Incorporaci\u00f3n de un sistema de secado t\u00e9rmico de los fangos que garantiza que no se produzcan emisiones de cenizas ni gases contaminantes.<\/li>\n<li class=\"lista1\">Reducci\u00f3n del impacto visual de las nuevas instalaciones mediante la integraci\u00f3n paisaj\u00edstica de sus edificios.<\/li>\n<li class=\"lista1\">Inclusi\u00f3n de un proyecto de recuperaci\u00f3n ambiental que garantiza la adecuada integraci\u00f3n paisaj\u00edstica de la planta: plantaci\u00f3n de especies aut\u00f3ctonas, creaci\u00f3n de pantallas vegetales y minimizaci\u00f3n del impacto visual de las instalaciones proyectadas.<\/li>\n<\/ul>\n","protected":false},"excerpt":{"rendered":"<p>EDAR de Lugo La EDAR de Lugo tiene capacidad para depurar el agua de una poblaci\u00f3n urbana de 120.000 habitantes y una poblaci\u00f3n industrial de 80.000 habitantes equivalentes la cual, despu\u00e9s de una serie de tratamientos y procesos, es devuelta al cauce receptor con todas las garant\u00edas de no alterar el ecosistema y colaborando a [&hellip;]<\/p>\n","protected":false},"author":2,"featured_media":0,"parent":0,"menu_order":0,"comment_status":"open","ping_status":"closed","template":"","meta":[],"_links":{"self":[{"href":"https:\/\/lugo.gestagua.es\/index.php\/wp-json\/wp\/v2\/pages\/145"}],"collection":[{"href":"https:\/\/lugo.gestagua.es\/index.php\/wp-json\/wp\/v2\/pages"}],"about":[{"href":"https:\/\/lugo.gestagua.es\/index.php\/wp-json\/wp\/v2\/types\/page"}],"author":[{"embeddable":true,"href":"https:\/\/lugo.gestagua.es\/index.php\/wp-json\/wp\/v2\/users\/2"}],"replies":[{"embeddable":true,"href":"https:\/\/lugo.gestagua.es\/index.php\/wp-json\/wp\/v2\/comments?post=145"}],"version-history":[{"count":8,"href":"https:\/\/lugo.gestagua.es\/index.php\/wp-json\/wp\/v2\/pages\/145\/revisions"}],"predecessor-version":[{"id":156,"href":"https:\/\/lugo.gestagua.es\/index.php\/wp-json\/wp\/v2\/pages\/145\/revisions\/156"}],"wp:attachment":[{"href":"https:\/\/lugo.gestagua.es\/index.php\/wp-json\/wp\/v2\/media?parent=145"}],"curies":[{"name":"wp","href":"https:\/\/api.w.org\/{rel}","templated":true}]}}