{"id":34,"date":"2013-09-26T12:18:22","date_gmt":"2013-09-26T12:18:22","guid":{"rendered":"http:\/\/lugo.gestagua.es\/?page_id=34"},"modified":"2024-06-18T08:44:26","modified_gmt":"2024-06-18T08:44:26","slug":"contacto","status":"publish","type":"page","link":"https:\/\/lugo.gestagua.es\/index.php\/contacto\/","title":{"rendered":"Contacto"},"content":{"rendered":"\n<h3>UBICACI\u00d3N DE LA ETAP<\/h3>\n\n\n\n<p><b>Santa Maria Magdalena de Adai &#8211; 27297 &#8211; LUGO &#8211; LUGO<\/b><\/p>\n\n\n\n<iframe src=\"https:\/\/www.google.com\/maps\/embed?pb=!1m18!1m12!1m3!1d2916.8969618589067!2d-7.604690572498347!3d43.022555921139094!2m3!1f0!2f0!3f0!3m2!1i1024!2i768!4f13.1!3m3!1m2!1s0xd31ce2314525315%3A0xc7f9a571c8780a44!2sAdai%2C%2027003%20Lugo!5e0!3m2!1ses!2ses!4v1718700082891!5m2!1ses!2ses\" width=\"600\" height=\"450\" style=\"border:0;\" allowfullscreen=\"\" loading=\"lazy\" referrerpolicy=\"no-referrer-when-downgrade\"><\/iframe>\n\n\n\n<h3>UBICACI\u00d3N DE LA EDAR<\/h3>\n\n\n\n<p><b>Ctra. del P\u00e1ramo, km 0.5. s\/n &#8211; 27160 &#8211; SAN XOAN DE PENA &#8211; LUGO<\/b><\/p>\n\n\n\n<iframe src=\"https:\/\/www.google.com\/maps\/embed?pb=!1m18!1m12!1m3!1d4396.813117961615!2d-7.523427548912573!3d42.97185137587242!2m3!1f0!2f0!3f0!3m2!1i1024!2i768!4f13.1!3m3!1m2!1s0xd31cb83fd775eb3%3A0xf347b9da08804ae1!2sEDAR%20Lugo!5e0!3m2!1ses!2ses!4v1718700253517!5m2!1ses!2ses\" width=\"600\" height=\"450\" style=\"border:0;\" allowfullscreen=\"\" loading=\"lazy\" referrerpolicy=\"no-referrer-when-downgrade\"><\/iframe>\n","protected":false},"excerpt":{"rendered":"<p>UBICACI\u00d3N DE LA ETAP Santa Maria Magdalena de Adai &#8211; 27297 &#8211; LUGO &#8211; LUGO UBICACI\u00d3N DE LA EDAR Ctra. del P\u00e1ramo, km 0.5. s\/n &#8211; 27160 &#8211; SAN XOAN DE PENA &#8211; LUGO<\/p>\n","protected":false},"author":2,"featured_media":0,"parent":0,"menu_order":0,"comment_status":"open","ping_status":"closed","template":"","meta":[],"_links":{"self":[{"href":"https:\/\/lugo.gestagua.es\/index.php\/wp-json\/wp\/v2\/pages\/34"}],"collection":[{"href":"https:\/\/lugo.gestagua.es\/index.php\/wp-json\/wp\/v2\/pages"}],"about":[{"href":"https:\/\/lugo.gestagua.es\/index.php\/wp-json\/wp\/v2\/types\/page"}],"author":[{"embeddable":true,"href":"https:\/\/lugo.gestagua.es\/index.php\/wp-json\/wp\/v2\/users\/2"}],"replies":[{"embeddable":true,"href":"https:\/\/lugo.gestagua.es\/index.php\/wp-json\/wp\/v2\/comments?post=34"}],"version-history":[{"count":21,"href":"https:\/\/lugo.gestagua.es\/index.php\/wp-json\/wp\/v2\/pages\/34\/revisions"}],"predecessor-version":[{"id":330,"href":"https:\/\/lugo.gestagua.es\/index.php\/wp-json\/wp\/v2\/pages\/34\/revisions\/330"}],"wp:attachment":[{"href":"https:\/\/lugo.gestagua.es\/index.php\/wp-json\/wp\/v2\/media?parent=34"}],"curies":[{"name":"wp","href":"https:\/\/api.w.org\/{rel}","templated":true}]}}