{"id":60,"date":"2013-09-26T13:19:12","date_gmt":"2013-09-26T13:19:12","guid":{"rendered":"http:\/\/lugo.gestagua.es\/?page_id=60"},"modified":"2013-10-21T15:00:19","modified_gmt":"2013-10-21T15:00:19","slug":"gestion-eficiente-del-agua","status":"publish","type":"page","link":"https:\/\/lugo.gestagua.es\/index.php\/gestion-eficiente-del-agua\/","title":{"rendered":"Gesti\u00f3n Eficiente del Agua"},"content":{"rendered":"<p style=\"text-align: justify;\"><a href=\"http:\/\/www.gestagua.es\/index.php?p=32\"><img loading=\"lazy\" class=\"size-full wp-image-346 alignleft\" alt=\"\" src=\"http:\/\/lugo.gestagua.es\/wp-content\/uploads\/2013\/09\/GEA-Logo.png\" width=\"185\" height=\"59\" \/><\/a>La Gesti\u00f3n del Ciclo integral del agua, implica la experiencia del manejo de la ultima tecnolog\u00eda del mercado. La gran cantidad de informaci\u00f3n que debe tomarse en cuenta a la hora de tomar decisiones necesita de sistemas que permanentemente est\u00e9n integrados entre si. Los datos de la ubicaci\u00f3n de las brigadas y los equipos de campo, la calidad del agua, las alarmas de las instalaciones, los avisos de nuestros clientes, los mantenimientos preventivos y correctivos de todo el sistema son algunos de los aspectos que debemos tener en cuenta a la hora de prestar un servicio excelente.<\/p>\n<p>Nuestro sistema Gea implantado en Lugo, permite disponer de toda la informaci\u00f3n relativa al saneamiento, las alarmas de los sistemas de telemando y telecontrol de los tanques de tormenta, la ubicaci\u00f3n de las brigadas, los mantenimientos preventivos y correctivos a realizar en nuestras instalaciones&#8230;<\/p>\n<p style=\"padding-left: 30px;\">Gracias a nuestra concepci\u00f3n tecnol\u00f3gica del servicio podemos adelantarnos cada d\u00eda a las dificultades de un servicio tan complejo como la gesti\u00f3n del Servicio del Agua de Lugo.<\/p>\n<p style=\"padding-left: 30px;\">En Gestagua cada a\u00f1o seguimos invirtiendo en I+D+i desarrollando tecnolog\u00eda aplicada al ciclo integral del agua tanto de forma interna como conjuntamente con empresas nacionales, la cual redunda en una mejora constante de nuestro servicio.<\/p>\n","protected":false},"excerpt":{"rendered":"<p>La Gesti\u00f3n del Ciclo integral del agua, implica la experiencia del manejo de la ultima tecnolog\u00eda del mercado. La gran cantidad de informaci\u00f3n que debe tomarse en cuenta a la hora de tomar decisiones necesita de sistemas que permanentemente est\u00e9n integrados entre si. Los datos de la ubicaci\u00f3n de las brigadas y los equipos de [&hellip;]<\/p>\n","protected":false},"author":2,"featured_media":0,"parent":0,"menu_order":0,"comment_status":"open","ping_status":"closed","template":"","meta":[],"_links":{"self":[{"href":"https:\/\/lugo.gestagua.es\/index.php\/wp-json\/wp\/v2\/pages\/60"}],"collection":[{"href":"https:\/\/lugo.gestagua.es\/index.php\/wp-json\/wp\/v2\/pages"}],"about":[{"href":"https:\/\/lugo.gestagua.es\/index.php\/wp-json\/wp\/v2\/types\/page"}],"author":[{"embeddable":true,"href":"https:\/\/lugo.gestagua.es\/index.php\/wp-json\/wp\/v2\/users\/2"}],"replies":[{"embeddable":true,"href":"https:\/\/lugo.gestagua.es\/index.php\/wp-json\/wp\/v2\/comments?post=60"}],"version-history":[{"count":3,"href":"https:\/\/lugo.gestagua.es\/index.php\/wp-json\/wp\/v2\/pages\/60\/revisions"}],"predecessor-version":[{"id":258,"href":"https:\/\/lugo.gestagua.es\/index.php\/wp-json\/wp\/v2\/pages\/60\/revisions\/258"}],"wp:attachment":[{"href":"https:\/\/lugo.gestagua.es\/index.php\/wp-json\/wp\/v2\/media?parent=60"}],"curies":[{"name":"wp","href":"https:\/\/api.w.org\/{rel}","templated":true}]}}