{"id":70,"date":"2013-09-26T13:24:57","date_gmt":"2013-09-26T13:24:57","guid":{"rendered":"http:\/\/lugo.gestagua.es\/?page_id=70"},"modified":"2013-10-03T13:06:55","modified_gmt":"2013-10-03T13:06:55","slug":"el-agua","status":"publish","type":"page","link":"https:\/\/lugo.gestagua.es\/index.php\/el-agua\/","title":{"rendered":"El Agua"},"content":{"rendered":"<h3>LA GESTION DEL AGUA POTABLE<\/h3>\n<p>Gestionar la producci\u00f3n de agua para cualquier comunidad es una tarea de singular impacto en el bienestar de los ciudadanos que la integran,<\/p>\n<ul>\n<li class=\"lista1\">por constituir su primer alimento, y por tanto base de su propia salud,<\/li>\n<li class=\"lista1\">por su directa relaci\u00f3n con los niveles p\u00fablicos de salubridad y aseo urbano,<\/li>\n<li class=\"lista1\">por su contribuci\u00f3n a generar espacios urbanos de encuentro y de recreo, y<\/li>\n<li class=\"lista1\">por su especial incidencia en la seguridad de bienes y personas.<\/li>\n<\/ul>\n<p>&nbsp;<\/p>\n<p><b>La gesti\u00f3n por GESTAGUA<\/b>, de la nueva\u00a0 Estaci\u00f3n de Tratamiento de Agua Potable (ETAP) asegura la aportaci\u00f3n de las mejores tecnol\u00f3gicas y su profesionalidad para garantizar, de una forma sostenible:<\/p>\n<ul>\n<li class=\"lista1\">El tratamiento del agua bruta disponible, mediante los procesos m\u00e1s eficaces y adaptados a la infraestructura gestionada, hasta la obtenci\u00f3n estable y programada de agua potable de una calidad establecida y controlada, en cantidad suficiente para satisfacer la demanda instant\u00e1nea, servida en los dep\u00f3sitos reguladores m\u00e1s convenientes para su ulterior distribuci\u00f3n<\/li>\n<li class=\"lista1\">La constante y eficaz conservaci\u00f3n de todos los elementos de la ETAP, sean obras civiles, auxiliares o equipamientos, capaz de mantener o mejorar los est\u00e1ndares de rendimiento de la misma, primando siempre las acciones preventivas (y por tanto, programadas) sobre las correctivas<\/li>\n<li class=\"lista1\">Un control exhaustivo y continuo de la calidad de todos los trabajos de la planta (capaz de optimizar su rendimiento) pero sobre todo de su producto final, el agua potable (b\u00e1sica para la percepci\u00f3n global de la calidad del servicio), y<\/li>\n<li class=\"lista1\">una capacidad de reacci\u00f3n inmediata, mediante procedimientos conocidos y estables, ante cualquier emergencia relacionada con dicha calidad, con el funcionamiento de la ETAP o con los productos utilizados en ella.<\/li>\n<\/ul>\n<h3><\/h3>\n<h3>LA DEPURACI\u00d3N DEL AGUA RESIDUAL<\/h3>\n<p>Lugo es una ciudad cuya ubicaci\u00f3n, sobre el promontorio natural que domina la confluencia de los r\u00edos Mi\u00f1o y Fervedoira, le ha permitido disfrutar de un entorno de gran riqueza natural\u00a0 desde sus or\u00edgenes.<\/p>\n<p>No obstante, el fuerte desarrollo que experiment\u00f3 la ciudad en la segunda mitad del siglo XX, ligado al florecimiento del sector alimenticio, y acompa\u00f1ado por el consiguiente desarrollo urbano, provoc\u00f3 que a comienzos de la d\u00e9cada de los noventa, Lugo viviese una delicada situaci\u00f3n medioambiental, marcada por la fuerte degradaci\u00f3n de su entorno fluvial.<\/p>\n<p>El d\u00e9ficit que presentaba la ciudad en infraestructuras de saneamiento, unido al incipiente crecimiento urbano de la misma, y a la aparici\u00f3n de unos objetivos de calidad cada vez m\u00e1s rigurosos en la legislaci\u00f3n vigente (Directiva 91\/271\/CEE), motiv\u00f3 la declaraci\u00f3n de obra de inter\u00e9s general de la Mejora de Saneamiento\u00a0 de Lugo (Ley 22\/1997).<\/p>\n<p>Como resultado de esta declaraci\u00f3n, y con el fin de disponer las bases para la financiaci\u00f3n y desarrollo de este plan de actuaci\u00f3n, en diciembre de 1999 se suscribi\u00f3 un Protocolo General de colaboraci\u00f3n entre el Ministerio de Medio Ambiente, la Xunta de Galicia y la Confederaci\u00f3n Hidrogr\u00e1fica del Norte (actualmente Confederaci\u00f3n Hidrogr\u00e1fica del Mi\u00f1o-Sil), en virtud del cual se acord\u00f3 que la financiaci\u00f3n correr\u00eda en un 85% a cargo de la Confederaci\u00f3n Hidrogr\u00e1fica del Norte, a trav\u00e9s del Fondo de Cohesi\u00f3n de la Uni\u00f3n Europea, y el 15% restante ser\u00eda aportado por Xunta de Galicia.<\/p>\n","protected":false},"excerpt":{"rendered":"<p>LA GESTION DEL AGUA POTABLE Gestionar la producci\u00f3n de agua para cualquier comunidad es una tarea de singular impacto en el bienestar de los ciudadanos que la integran, por constituir su primer alimento, y por tanto base de su propia salud, por su directa relaci\u00f3n con los niveles p\u00fablicos de salubridad y aseo urbano, por [&hellip;]<\/p>\n","protected":false},"author":2,"featured_media":0,"parent":0,"menu_order":0,"comment_status":"open","ping_status":"closed","template":"","meta":[],"_links":{"self":[{"href":"https:\/\/lugo.gestagua.es\/index.php\/wp-json\/wp\/v2\/pages\/70"}],"collection":[{"href":"https:\/\/lugo.gestagua.es\/index.php\/wp-json\/wp\/v2\/pages"}],"about":[{"href":"https:\/\/lugo.gestagua.es\/index.php\/wp-json\/wp\/v2\/types\/page"}],"author":[{"embeddable":true,"href":"https:\/\/lugo.gestagua.es\/index.php\/wp-json\/wp\/v2\/users\/2"}],"replies":[{"embeddable":true,"href":"https:\/\/lugo.gestagua.es\/index.php\/wp-json\/wp\/v2\/comments?post=70"}],"version-history":[{"count":5,"href":"https:\/\/lugo.gestagua.es\/index.php\/wp-json\/wp\/v2\/pages\/70\/revisions"}],"predecessor-version":[{"id":162,"href":"https:\/\/lugo.gestagua.es\/index.php\/wp-json\/wp\/v2\/pages\/70\/revisions\/162"}],"wp:attachment":[{"href":"https:\/\/lugo.gestagua.es\/index.php\/wp-json\/wp\/v2\/media?parent=70"}],"curies":[{"name":"wp","href":"https:\/\/api.w.org\/{rel}","templated":true}]}}